{"id":959,"date":"2023-02-04T18:59:28","date_gmt":"2023-02-04T17:59:28","guid":{"rendered":"https:\/\/wp-miranda-1.axfone.eu\/?page_id=959"},"modified":"2023-02-05T12:27:35","modified_gmt":"2023-02-05T11:27:35","slug":"montazni-a-servisni-cinnost","status":"publish","type":"page","link":"https:\/\/wp-miranda-1.axfone.eu\/index.php\/ruml-service\/sluzby\/montazni-a-servisni-cinnost\/","title":{"rendered":"Mont\u00e1\u017en\u00ed a servisn\u00ed \u010dinnost"},"content":{"rendered":"\n<div class=\"wp-block-file\"><a id=\"wp-block-file--media-09a6e106-b596-4233-805e-b2c80d92bfd4\" href=\"https:\/\/wp-miranda-1.axfone.eu\/wp-content\/uploads\/2023\/02\/para2-1.jpg\" target=\"_blank\" rel=\"noreferrer noopener\">para2-1<\/a><\/div>\n\n\n\n<div class=\"wp-block-file\"><a id=\"wp-block-file--media-9a80194f-3028-4fa4-914c-4ed29083afeb\" href=\"https:\/\/wp-miranda-1.axfone.eu\/wp-content\/uploads\/2023\/02\/udrzba2-1.jpg\" target=\"_blank\" rel=\"noreferrer noopener\">udrzba2-1<\/a><\/div>\n","protected":false},"excerpt":{"rendered":"","protected":false},"author":1,"featured_media":983,"parent":612,"menu_order":0,"comment_status":"closed","ping_status":"closed","template":"","meta":{"footnotes":""},"class_list":["post-959","page","type-page","status-publish","has-post-thumbnail","hentry"],"acf":[],"_links":{"self":[{"href":"https:\/\/wp-miranda-1.axfone.eu\/index.php\/wp-json\/wp\/v2\/pages\/959","targetHints":{"allow":["GET"]}}],"collection":[{"href":"https:\/\/wp-miranda-1.axfone.eu\/index.php\/wp-json\/wp\/v2\/pages"}],"about":[{"href":"https:\/\/wp-miranda-1.axfone.eu\/index.php\/wp-json\/wp\/v2\/types\/page"}],"author":[{"embeddable":true,"href":"https:\/\/wp-miranda-1.axfone.eu\/index.php\/wp-json\/wp\/v2\/users\/1"}],"replies":[{"embeddable":true,"href":"https:\/\/wp-miranda-1.axfone.eu\/index.php\/wp-json\/wp\/v2\/comments?post=959"}],"version-history":[{"count":12,"href":"https:\/\/wp-miranda-1.axfone.eu\/index.php\/wp-json\/wp\/v2\/pages\/959\/revisions"}],"predecessor-version":[{"id":1021,"href":"https:\/\/wp-miranda-1.axfone.eu\/index.php\/wp-json\/wp\/v2\/pages\/959\/revisions\/1021"}],"up":[{"embeddable":true,"href":"https:\/\/wp-miranda-1.axfone.eu\/index.php\/wp-json\/wp\/v2\/pages\/612"}],"wp:featuredmedia":[{"embeddable":true,"href":"https:\/\/wp-miranda-1.axfone.eu\/index.php\/wp-json\/wp\/v2\/media\/983"}],"wp:attachment":[{"href":"https:\/\/wp-miranda-1.axfone.eu\/index.php\/wp-json\/wp\/v2\/media?parent=959"}],"curies":[{"name":"wp","href":"https:\/\/api.w.org\/{rel}","templated":true}]}}