{"id":929,"date":"2023-02-04T17:53:38","date_gmt":"2023-02-04T16:53:38","guid":{"rendered":"https:\/\/wp-miranda-1.axfone.eu\/?page_id=929"},"modified":"2023-02-04T18:20:33","modified_gmt":"2023-02-04T17:20:33","slug":"homepage","status":"publish","type":"page","link":"https:\/\/wp-miranda-1.axfone.eu\/index.php\/ruml-service\/homepage\/","title":{"rendered":"Homepage"},"content":{"rendered":"","protected":false},"excerpt":{"rendered":"","protected":false},"author":1,"featured_media":0,"parent":608,"menu_order":0,"comment_status":"closed","ping_status":"closed","template":"","meta":{"footnotes":""},"class_list":["post-929","page","type-page","status-publish","hentry"],"acf":{"hero":{"image":931,"title":"Slu\u017eby pro technologick\u00e1 za\u0159\u00edzen\u00ed  a logick\u00e9 celky","perex":"Jsme p\u0159ipraveni b\u00fdt stabiln\u00edm strategick\u00fdm partnerem, zejm\u00e9na v oblasti paro-kondenz\u00e1tn\u00edch syst\u00e9m\u016f, rota\u010dn\u00edch stroj\u016f a provozov\u00e1n\u00ed za\u0159\u00edzen\u00ed.","btn_primary":{"type":"internal","text":"Na\u0161e slu\u017eby","url_external":"","url_internal":"\/sluzby"},"btn_secondary":{"type":"internal","text":"","url_external":"","url_internal":""}},"hp_perex":"Nab\u00edz\u00edme ve\u0161ker\u00e9 z\u00e1zem\u00ed firmy a zku\u0161enosti zam\u011bstnanc\u016f RUML Service pro zv\u00fd\u0161en\u00ed efektivity proces\u016f a po\u017eadovan\u00fdch z\u00e1m\u011br\u016f. Integrace in\u017een\u00fdringu, n\u00e1kupu, p\u0159edv\u00fdroby, vlastn\u00ed realizace spole\u010dn\u011b s provozem a \u00fadr\u017ebou je jedine\u010dnou nab\u00eddkou hodnoty, kterou m\u016f\u017eeme nab\u00eddnout. Toto n\u00e1m umo\u017e\u0148uje bezprecedentn\u00ed rychlost p\u0159\u00edpravy a realizace technologick\u00fdch zm\u011bn.","services_block":{"title":"Na\u0161e slu\u017eby","perex":"<strong>Pom\u016f\u017eeme V\u00e1m udr\u017eovat nep\u0159etr\u017eitou efektivn\u00ed v\u00fdrobu.<\/strong>\r\n\r\nRUML Service je p\u0159edn\u00ed nez\u00e1visl\u00fd specialista pro provozov\u00e1n\u00ed a \u00fadr\u017ebu nep\u0159etr\u017eit\u00fdch v\u00fdrobn\u00edch provoz\u016f v ropn\u00e9m, energetick\u00e9m a chemick\u00e9m pr\u016fmyslu. Pou\u017e\u00edv\u00e1me efektivn\u00ed provozn\u00ed metody a speci\u00e1ln\u00ed technologie \u00fadr\u017eby. Dod\u00e1v\u00e1me \u0159e\u0161en\u00ed, kter\u00e1 \u0161et\u0159\u00ed pen\u00edze, buduj\u00ed d\u016fv\u011bru a poskytuj\u00ed vysokou p\u0159idanou hodnotu."},"about_us":{"title":"O spole\u010dnosti","perex":"Nab\u00edz\u00edme ve\u0161ker\u00e9 z\u00e1zem\u00ed rodinn\u00e9 firmy a dlouholet\u00e9 zku\u0161enosti zam\u011bstnanc\u016f RUML Service pro zv\u00fd\u0161en\u00ed spolehlivosti Va\u0161ich za\u0159\u00edzen\u00ed a efektivity Va\u0161ich proces\u016f a z\u00e1m\u011br\u016f p\u0159i respektov\u00e1n\u00ed v\u0161ech legislativn\u00edch po\u017eadavk\u016f a z\u00e1sad BOZP. Mezi na\u0161e siln\u00e9 str\u00e1nky pat\u0159\u00ed otev\u0159en\u00e1 a p\u0159\u00edm\u00e1 komunikace na v\u0161ech \u00farovn\u00edch, jednoduch\u00e1 organiza\u010dn\u00ed struktura, p\u0159\u00edm\u00e1 odpov\u011bdnost v\u0161ech pracovn\u00edk\u016f, flexibilita a p\u0159ipravenost k efektivn\u00edmu \u0159e\u0161en\u00ed provozn\u00edch probl\u00e9m\u016f.","text":"Spole\u010dnost poskytuje komplexn\u00ed portfolio slu\u017eeb v oblasti provozu a \u00fadr\u017eby ve v\u011bt\u0161in\u011b pr\u016fmyslov\u00fdch odv\u011btv\u00ed. Na\u0161e slu\u017eby mohou b\u00fdt poskytov\u00e1ny samostatn\u011b i zcela integrovan\u00fdm zp\u016fsobem. Ve spolupr\u00e1ci s oper\u00e1tory a jejich poskytovateli slu\u017eeb vyu\u017e\u00edv\u00e1me na\u0161e rozs\u00e1hl\u00e9 a odborn\u00e9 znalosti k pl\u00e1nov\u00e1n\u00ed a prov\u00e1d\u011bn\u00ed \u0161irok\u00e9 \u0161k\u00e1ly \u010dinnost\u00ed v oblasti provozu a \u00fadr\u017eby pomoc\u00ed osv\u011bd\u010den\u00fdch postup\u016f z\u00edskan\u00fdch z mnohalet\u00fdch zku\u0161enost\u00ed.","image":942},"career":{"title":"Chcete u n\u00e1s pracovat?","perex":"Nab\u00edz\u00edme p\u0159\u00edle\u017eitost pracovat v dynamicky se rozv\u00edjej\u00edc\u00ed skupin\u011b firem RUML GROUP.","text":"","image":721}},"_links":{"self":[{"href":"https:\/\/wp-miranda-1.axfone.eu\/index.php\/wp-json\/wp\/v2\/pages\/929","targetHints":{"allow":["GET"]}}],"collection":[{"href":"https:\/\/wp-miranda-1.axfone.eu\/index.php\/wp-json\/wp\/v2\/pages"}],"about":[{"href":"https:\/\/wp-miranda-1.axfone.eu\/index.php\/wp-json\/wp\/v2\/types\/page"}],"author":[{"embeddable":true,"href":"https:\/\/wp-miranda-1.axfone.eu\/index.php\/wp-json\/wp\/v2\/users\/1"}],"replies":[{"embeddable":true,"href":"https:\/\/wp-miranda-1.axfone.eu\/index.php\/wp-json\/wp\/v2\/comments?post=929"}],"version-history":[{"count":12,"href":"https:\/\/wp-miranda-1.axfone.eu\/index.php\/wp-json\/wp\/v2\/pages\/929\/revisions"}],"predecessor-version":[{"id":944,"href":"https:\/\/wp-miranda-1.axfone.eu\/index.php\/wp-json\/wp\/v2\/pages\/929\/revisions\/944"}],"up":[{"embeddable":true,"href":"https:\/\/wp-miranda-1.axfone.eu\/index.php\/wp-json\/wp\/v2\/pages\/608"}],"wp:attachment":[{"href":"https:\/\/wp-miranda-1.axfone.eu\/index.php\/wp-json\/wp\/v2\/media?parent=929"}],"curies":[{"name":"wp","href":"https:\/\/api.w.org\/{rel}","templated":true}]}}