{"id":671,"date":"2023-01-23T15:51:56","date_gmt":"2023-01-23T14:51:56","guid":{"rendered":"https:\/\/wp-miranda-1.axfone.eu\/?page_id=671"},"modified":"2023-02-06T16:23:54","modified_gmt":"2023-02-06T15:23:54","slug":"monitoring-odvadecu-kondenzatu","status":"publish","type":"page","link":"https:\/\/wp-miranda-1.axfone.eu\/index.php\/ruml-klinger\/sluzby\/monitoring-odvadecu-kondenzatu\/","title":{"rendered":"Monitoring odvad\u011b\u010d\u016f kondenz\u00e1tu"},"content":{"rendered":"","protected":false},"excerpt":{"rendered":"","protected":false},"author":1,"featured_media":1134,"parent":598,"menu_order":0,"comment_status":"closed","ping_status":"closed","template":"","meta":{"footnotes":""},"class_list":["post-671","page","type-page","status-publish","has-post-thumbnail","hentry"],"acf":[],"_links":{"self":[{"href":"https:\/\/wp-miranda-1.axfone.eu\/index.php\/wp-json\/wp\/v2\/pages\/671","targetHints":{"allow":["GET"]}}],"collection":[{"href":"https:\/\/wp-miranda-1.axfone.eu\/index.php\/wp-json\/wp\/v2\/pages"}],"about":[{"href":"https:\/\/wp-miranda-1.axfone.eu\/index.php\/wp-json\/wp\/v2\/types\/page"}],"author":[{"embeddable":true,"href":"https:\/\/wp-miranda-1.axfone.eu\/index.php\/wp-json\/wp\/v2\/users\/1"}],"replies":[{"embeddable":true,"href":"https:\/\/wp-miranda-1.axfone.eu\/index.php\/wp-json\/wp\/v2\/comments?post=671"}],"version-history":[{"count":3,"href":"https:\/\/wp-miranda-1.axfone.eu\/index.php\/wp-json\/wp\/v2\/pages\/671\/revisions"}],"predecessor-version":[{"id":868,"href":"https:\/\/wp-miranda-1.axfone.eu\/index.php\/wp-json\/wp\/v2\/pages\/671\/revisions\/868"}],"up":[{"embeddable":true,"href":"https:\/\/wp-miranda-1.axfone.eu\/index.php\/wp-json\/wp\/v2\/pages\/598"}],"wp:featuredmedia":[{"embeddable":true,"href":"https:\/\/wp-miranda-1.axfone.eu\/index.php\/wp-json\/wp\/v2\/media\/1134"}],"wp:attachment":[{"href":"https:\/\/wp-miranda-1.axfone.eu\/index.php\/wp-json\/wp\/v2\/media?parent=671"}],"curies":[{"name":"wp","href":"https:\/\/api.w.org\/{rel}","templated":true}]}}