{"id":669,"date":"2023-02-06T16:24:00","date_gmt":"2023-02-06T15:24:00","guid":{"rendered":"https:\/\/wp-miranda-1.axfone.eu\/?page_id=669"},"modified":"2023-02-06T16:24:49","modified_gmt":"2023-02-06T15:24:49","slug":"komplexni-reseni-vaseho-paro-kondenzatniho-hospodarstvi","status":"publish","type":"page","link":"https:\/\/wp-miranda-1.axfone.eu\/index.php\/ruml-klinger\/sluzby\/komplexni-reseni-vaseho-paro-kondenzatniho-hospodarstvi\/","title":{"rendered":"Diagnostika tepeln\u00fdch izolac\u00ed. Zam\u011b\u0159en\u00ed, n\u00e1vrh, dod\u00e1vka a instalace p\u0159\u00edmo u z\u00e1kazn\u00edka."},"content":{"rendered":"","protected":false},"excerpt":{"rendered":"","protected":false},"author":1,"featured_media":1135,"parent":598,"menu_order":0,"comment_status":"closed","ping_status":"closed","template":"","meta":{"footnotes":""},"class_list":["post-669","page","type-page","status-publish","has-post-thumbnail","hentry"],"acf":[],"_links":{"self":[{"href":"https:\/\/wp-miranda-1.axfone.eu\/index.php\/wp-json\/wp\/v2\/pages\/669","targetHints":{"allow":["GET"]}}],"collection":[{"href":"https:\/\/wp-miranda-1.axfone.eu\/index.php\/wp-json\/wp\/v2\/pages"}],"about":[{"href":"https:\/\/wp-miranda-1.axfone.eu\/index.php\/wp-json\/wp\/v2\/types\/page"}],"author":[{"embeddable":true,"href":"https:\/\/wp-miranda-1.axfone.eu\/index.php\/wp-json\/wp\/v2\/users\/1"}],"replies":[{"embeddable":true,"href":"https:\/\/wp-miranda-1.axfone.eu\/index.php\/wp-json\/wp\/v2\/comments?post=669"}],"version-history":[{"count":3,"href":"https:\/\/wp-miranda-1.axfone.eu\/index.php\/wp-json\/wp\/v2\/pages\/669\/revisions"}],"predecessor-version":[{"id":1136,"href":"https:\/\/wp-miranda-1.axfone.eu\/index.php\/wp-json\/wp\/v2\/pages\/669\/revisions\/1136"}],"up":[{"embeddable":true,"href":"https:\/\/wp-miranda-1.axfone.eu\/index.php\/wp-json\/wp\/v2\/pages\/598"}],"wp:featuredmedia":[{"embeddable":true,"href":"https:\/\/wp-miranda-1.axfone.eu\/index.php\/wp-json\/wp\/v2\/media\/1135"}],"wp:attachment":[{"href":"https:\/\/wp-miranda-1.axfone.eu\/index.php\/wp-json\/wp\/v2\/media?parent=669"}],"curies":[{"name":"wp","href":"https:\/\/api.w.org\/{rel}","templated":true}]}}