{"id":592,"date":"2023-01-17T18:53:38","date_gmt":"2023-01-17T17:53:38","guid":{"rendered":"https:\/\/wp-miranda-1.axfone.eu\/?page_id=592"},"modified":"2023-02-06T11:32:17","modified_gmt":"2023-02-06T10:32:17","slug":"homepage","status":"publish","type":"page","link":"https:\/\/wp-miranda-1.axfone.eu\/index.php\/ruml-klinger\/homepage\/","title":{"rendered":"Homepage"},"content":{"rendered":"","protected":false},"excerpt":{"rendered":"","protected":false},"author":1,"featured_media":0,"parent":590,"menu_order":0,"comment_status":"closed","ping_status":"closed","template":"","meta":{"footnotes":""},"class_list":["post-592","page","type-page","status-publish","hentry"],"acf":{"hero":{"image":630,"title":"Pr\u016fmyslov\u00e9 armatury a t\u011bsn\u011bn\u00ed","perex":"Zam\u011b\u0159ujeme se na dod\u00e1vku kvalitn\u00edch pr\u016fmyslov\u00fdch v\u00fdrobk\u016f a technologi\u00ed od renomovan\u00fdch v\u00fdrobc\u016f. Na\u0161im z\u00e1kazn\u00edk\u016fm dod\u00e1v\u00e1me i slu\u017eby spojen\u00e9 s pl\u00e1nov\u00e1n\u00edm, dod\u00e1vkou a mont\u00e1\u017e\u00ed.","btn_primary":{"type":"internal","text":"Zobrazit katalog","url_external":"","url_internal":"\/katalog"},"btn_secondary":{"type":"internal","text":"St\u00e1hnout PDF katalog","url_external":"","url_internal":"\/katalog.pdf"}},"categories_block":{"title":"Kategorie katalogu","perex":"","categories":[{"title":"T\u011bsn\u011bn\u00ed","url":"\/katalog-produktu\/tesneni","image":723},{"title":"Armatury","url":"\/katalog-produktu\/armatury","image":727},{"title":"Stavoznaky","url":"\/katalog-produktu\/stavoznaky","image":724},{"title":"Paro-kondenz\u00e1tn\u00ed syst\u00e9m","url":"\/katalog-produktu\/armstrong-international\/","image":728},{"title":"Parn\u00ed otopy CSI","url":"\/katalog-produktu\/armstrong-international\/steamstar-databaze-odvadecu-kondenzatu","image":725},{"title":"Kompenz\u00e1tory","url":"\/katalog-produktu\/kompenzatory","image":726},{"title":"Sn\u00edmac\u00ed izolace","url":"\/katalog-produktu\/w-l-gore","image":729}]},"banner_top":{"title":"St\u00e1hn\u011bte si p\u0159\u00edru\u010dku pro projektanty","perex":"P\u0159\u00edru\u010dka obsahuje modelov\u00e9 p\u0159\u00edpady odvodn\u011bn\u00ed parn\u00edch za\u0159\u00edzen\u00ed, v\u010detn\u011b typov\u00fdch v\u00fdpo\u010dt\u016f. Nezbytn\u00e1 pom\u016fcka pro v\u0161echny projektanty v oboru.","btn":{"text":"St\u00e1hnout PDF","file":661},"image":733,"image_mobile":877},"services_block":{"title":"Slu\u017eby","perex":"Vyu\u017eijte v\u00edce ne\u017e 100 let zku\u0161enost\u00ed na\u0161ich dodavatel\u016f v oblasti t\u011bsn\u011bn\u00ed, armatur a odvad\u011b\u010d\u016f kondenz\u00e1tu, kter\u00e9 v\u00e1m r\u00e1di zprost\u0159edkujeme."},"video_carousel":{"video":[{"title":"T\u011bsn\u011bn\u00ed Gore UPG S800","description":"Pod\u00edvejte se, jak t\u011bsn\u011bn\u00ed GORE\u00ae odol\u00e1vaj\u00ed te\u010den\u00ed ve srovn\u00e1n\u00ed se standardn\u00edmi ePTFE t\u011bsn\u011bn\u00edmi.","type":"youtube","file":null,"video":"https:\/\/www.youtube.com\/watch?v=YpMliOJsfwU"},{"title":"Jak automatizovat monitoring odvad\u011b\u010d\u016f kondenz\u00e1tu","description":"Jak pou\u017e\u00edvat Automatick\u00e9 testovac\u00ed za\u0159\u00edzen\u00ed Armstrong UMT\u00ae pro zkou\u0161en\u00ed odvad\u011b\u010d\u016f kondenz\u00e1tu.","type":"youtube","file":null,"video":"https:\/\/www.youtube.com\/watch?v=Mb2jRxR0xBU"}]},"about_us":{"title":"O spole\u010dnosti","perex":"Spole\u010dnost RUML s.r.o. byla zalo\u017eena v roce 1992 Vladim\u00edrem Rumlem s c\u00edlem vytvo\u0159it obchodn\u00ed zastoupen\u00ed produkt\u016f KLINGER pro \u010ceskou republiku. Do t\u00e9to doby byl prodej produkt\u016f KLINGER pro \u00fazem\u00ed tehdej\u0161\u00edho \u010ceskoslovenska realizov\u00e1n pod hlavi\u010dkou st\u00e1tn\u00edho podniku \u0158empo, ve kter\u00e9m Vladim\u00edr pracoval od roku 1979.","text":"Za\u010d\u00e1tek podnik\u00e1n\u00ed byl ve znamen\u00ed rozvoje stabiln\u00ed odb\u011bratelsk\u00e9 s\u00edt\u011b pr\u016fmyslov\u00fdch z\u00e1kazn\u00edk\u016f nap\u0159\u00ed\u010d \u00fazem\u00edm \u010cesk\u00e9 a Slovensk\u00e9 republiky. Mezi nejv\u00fdznamn\u011bj\u0161\u00ed z\u00e1kazn\u00edky pat\u0159il nap\u0159\u00edklad Chemopetrol Litv\u00ednov, kam Vladim\u00edr dod\u00e1val t\u011bsn\u00edc\u00ed desky Klingerit, Tepl\u00e1rna Ko\u0161ice, kter\u00e1 pro vybudov\u00e1n\u00ed sv\u00e9 horkovodn\u00ed tepl\u00e1rensk\u00e9 s\u00edt\u011b zvolila kulov\u00e9 kohouty KLINGER Ballostar KHI.\r\nVladim\u00edr se ji\u017e od po\u010d\u00e1tku sv\u00e9ho podnik\u00e1n\u00ed zam\u011b\u0159oval p\u0159edev\u0161\u00edm na obchod a ostatn\u00ed podp\u016frn\u00e9 \u010dinnosti outsourcoval jako nap\u0159\u00edklad, \u00fa\u010detnictv\u00ed, skladov\u00e9 hospod\u00e1\u0159stv\u00ed a fakturace. ...","image":702},"career":{"title":"Chcete u n\u00e1s pracovat?","perex":"Nab\u00edz\u00edme p\u0159\u00edle\u017eitost pracovat v dynamicky se rozv\u00edjej\u00edc\u00ed skupin\u011b firem RUML GROUP.","text":"","image":721}},"_links":{"self":[{"href":"https:\/\/wp-miranda-1.axfone.eu\/index.php\/wp-json\/wp\/v2\/pages\/592","targetHints":{"allow":["GET"]}}],"collection":[{"href":"https:\/\/wp-miranda-1.axfone.eu\/index.php\/wp-json\/wp\/v2\/pages"}],"about":[{"href":"https:\/\/wp-miranda-1.axfone.eu\/index.php\/wp-json\/wp\/v2\/types\/page"}],"author":[{"embeddable":true,"href":"https:\/\/wp-miranda-1.axfone.eu\/index.php\/wp-json\/wp\/v2\/users\/1"}],"replies":[{"embeddable":true,"href":"https:\/\/wp-miranda-1.axfone.eu\/index.php\/wp-json\/wp\/v2\/comments?post=592"}],"version-history":[{"count":21,"href":"https:\/\/wp-miranda-1.axfone.eu\/index.php\/wp-json\/wp\/v2\/pages\/592\/revisions"}],"predecessor-version":[{"id":1073,"href":"https:\/\/wp-miranda-1.axfone.eu\/index.php\/wp-json\/wp\/v2\/pages\/592\/revisions\/1073"}],"up":[{"embeddable":true,"href":"https:\/\/wp-miranda-1.axfone.eu\/index.php\/wp-json\/wp\/v2\/pages\/590"}],"wp:attachment":[{"href":"https:\/\/wp-miranda-1.axfone.eu\/index.php\/wp-json\/wp\/v2\/media?parent=592"}],"curies":[{"name":"wp","href":"https:\/\/api.w.org\/{rel}","templated":true}]}}