{"id":1078,"date":"2023-02-06T14:05:09","date_gmt":"2023-02-06T13:05:09","guid":{"rendered":"https:\/\/wp-miranda-1.axfone.eu\/?page_id=1078"},"modified":"2023-02-06T14:12:42","modified_gmt":"2023-02-06T13:12:42","slug":"vyber-tesneni-klinger","status":"publish","type":"page","link":"https:\/\/wp-miranda-1.axfone.eu\/index.php\/ruml-klinger\/sluzby\/vyber-tesneni-klinger\/","title":{"rendered":"V\u00fdb\u011br t\u011bsn\u011bn\u00ed KLINGER"},"content":{"rendered":"","protected":false},"excerpt":{"rendered":"","protected":false},"author":1,"featured_media":1079,"parent":598,"menu_order":0,"comment_status":"closed","ping_status":"closed","template":"","meta":{"footnotes":""},"class_list":["post-1078","page","type-page","status-publish","has-post-thumbnail","hentry"],"acf":[],"_links":{"self":[{"href":"https:\/\/wp-miranda-1.axfone.eu\/index.php\/wp-json\/wp\/v2\/pages\/1078","targetHints":{"allow":["GET"]}}],"collection":[{"href":"https:\/\/wp-miranda-1.axfone.eu\/index.php\/wp-json\/wp\/v2\/pages"}],"about":[{"href":"https:\/\/wp-miranda-1.axfone.eu\/index.php\/wp-json\/wp\/v2\/types\/page"}],"author":[{"embeddable":true,"href":"https:\/\/wp-miranda-1.axfone.eu\/index.php\/wp-json\/wp\/v2\/users\/1"}],"replies":[{"embeddable":true,"href":"https:\/\/wp-miranda-1.axfone.eu\/index.php\/wp-json\/wp\/v2\/comments?post=1078"}],"version-history":[{"count":2,"href":"https:\/\/wp-miranda-1.axfone.eu\/index.php\/wp-json\/wp\/v2\/pages\/1078\/revisions"}],"predecessor-version":[{"id":1087,"href":"https:\/\/wp-miranda-1.axfone.eu\/index.php\/wp-json\/wp\/v2\/pages\/1078\/revisions\/1087"}],"up":[{"embeddable":true,"href":"https:\/\/wp-miranda-1.axfone.eu\/index.php\/wp-json\/wp\/v2\/pages\/598"}],"wp:featuredmedia":[{"embeddable":true,"href":"https:\/\/wp-miranda-1.axfone.eu\/index.php\/wp-json\/wp\/v2\/media\/1079"}],"wp:attachment":[{"href":"https:\/\/wp-miranda-1.axfone.eu\/index.php\/wp-json\/wp\/v2\/media?parent=1078"}],"curies":[{"name":"wp","href":"https:\/\/api.w.org\/{rel}","templated":true}]}}